{"id":6933,"date":"2025-05-20T10:38:28","date_gmt":"2025-05-20T10:38:28","guid":{"rendered":"http:\/\/sjconsultors.com\/?page_id=6933"},"modified":"2025-05-28T09:05:23","modified_gmt":"2025-05-28T09:05:23","slug":"departamento-legal","status":"publish","type":"page","link":"http:\/\/sjconsultors.com\/es\/departamento-legal\/","title":{"rendered":"Departamento Legal"},"content":{"rendered":"\t\t<div data-elementor-type=\"wp-page\" data-elementor-id=\"6933\" class=\"elementor elementor-6933\">\n\t\t\t\t        <section class=\"elementor-section elementor-top-section elementor-element elementor-element-5cad0c3 elementor-section-stretched elementor-section-boxed elementor-section-height-default elementor-section-height-default pxl-row-scroll-none pxl-bg-color-none pxl-section-overlay-none\" data-id=\"5cad0c3\" data-element_type=\"section\" data-settings=\"{&quot;stretch_section&quot;:&quot;section-stretched&quot;}\">\n\n                \n                <div class=\"elementor-container elementor-column-gap-extended \">\n                <div class=\"elementor-column elementor-col-100 elementor-top-column elementor-element elementor-element-9e33018 pxl-column-none pxl-column-overflow-hidden-no\" data-id=\"9e33018\" data-element_type=\"column\">\r\n        <div class=\"elementor-widget-wrap elementor-element-populated\">\r\n                     \r\n        \t\t<div class=\"elementor-element elementor-element-a1a65c4 pxl-post-layout-service-1 elementor-widget elementor-widget-pxl_post_grid\" data-id=\"a1a65c4\" data-element_type=\"widget\" data-widget_type=\"pxl_post_grid.default\">\n\t\t\t\t<div class=\"elementor-widget-container\">\n\t\t\t\t\t\n<div id=\"pxl_post_grid-a1a65c4-8981\" class=\"pxl-grid pxl-service-grid pxl-service-layout1\" data-layout=\"masonry\" data-start-page=\"1\" data-max-pages=\"1\" data-total=\"5\" data-perpage=\"5\" data-next-link=\"\">\n    \n    <div class=\"pxl-grid-inner pxl-grid-masonry row\" data-gutter=\"15\">\n                    <div class=\"pxl-grid-item col-xl-12 col-lg-12 col-md-12 col-sm-12 col-12 \">\n                <div class=\"pxl-item--inner pxl-not-active wow fadeInUp\" data-wow-duration=\"1.2s\">\n                    <div class=\"pxl-item--image hover-imge-effect3\">\n                                                    <div class=\"bg-image\" style=\"--pg-background-image: url('http:\/\/sjconsultors.com\/wp-content\/uploads\/2025\/05\/4894.jpg');\">\n                                <a href=\"http:\/\/sjconsultors.com\/es\/service\/derecho-laboral\/\">\n                                    <img fetchpriority=\"high\" decoding=\"async\" class=\"no-lazyload \" src=\"http:\/\/sjconsultors.com\/wp-content\/uploads\/2025\/05\/4894-700x467.jpg\" width=\"700\" height=\"467\" alt=\"4894\" title=\"4894\" \/>                                <\/a>\n                            <\/div>\n                                            <\/div>\n                    <div class=\"pxl-item--holder\">\n                                                                            <div class=\"pxl-item--icon\">\n                                <img decoding=\"async\" width=\"128\" height=\"128\" src=\"http:\/\/sjconsultors.com\/wp-content\/uploads\/2024\/03\/derecho-laboral.png\" class=\"attachment-full\" alt=\"derecho laboral\" \/>                            <\/div>\n                                                \n                        <h3 class=\"pxl-item--title\">\n                            <a href=\"http:\/\/sjconsultors.com\/es\/service\/derecho-laboral\/\">Derecho Laboral<\/a>\n                        <\/h3>\n                                                    <div class=\"pxl-item--content\">\n                                Protecci\u00f3n legal ante conflictos laborales tanto para empresas como particulares.                            <\/div>\n                                                                            <div class=\"pxl-item--readmore\">\n                                <a href=\"http:\/\/sjconsultors.com\/es\/service\/derecho-laboral\/\">\n                                    <span class=\"pxl-mr-15\">M\u00e1s informaci\u00f3n <\/span>\n                                    <i class=\"flaticon-right\"><\/i>\n                                <\/a>\n                            <\/div>\n                                            <\/div>\n                <\/div>\n            <\/div>\n                    <div class=\"pxl-grid-item col-xl-12 col-lg-12 col-md-12 col-sm-12 col-12 \">\n                <div class=\"pxl-item--inner pxl-not-active wow fadeInUp\" data-wow-duration=\"1.2s\">\n                    <div class=\"pxl-item--image hover-imge-effect3\">\n                                                    <div class=\"bg-image\" style=\"--pg-background-image: url('http:\/\/sjconsultors.com\/wp-content\/uploads\/2025\/05\/126.jpg');\">\n                                <a href=\"http:\/\/sjconsultors.com\/es\/service\/derecho-tributario\/\">\n                                    <img decoding=\"async\" class=\"no-lazyload \" src=\"http:\/\/sjconsultors.com\/wp-content\/uploads\/2025\/05\/126-700x467.jpg\" width=\"700\" height=\"467\" alt=\"126\" title=\"126\" \/>                                <\/a>\n                            <\/div>\n                                            <\/div>\n                    <div class=\"pxl-item--holder\">\n                                                                            <div class=\"pxl-item--icon\">\n                                <img loading=\"lazy\" decoding=\"async\" width=\"128\" height=\"128\" src=\"http:\/\/sjconsultors.com\/wp-content\/uploads\/2024\/03\/cumplimiento-fiscal.png\" class=\"attachment-full\" alt=\"cumplimiento fiscal\" \/>                            <\/div>\n                                                \n                        <h3 class=\"pxl-item--title\">\n                            <a href=\"http:\/\/sjconsultors.com\/es\/service\/derecho-tributario\/\">Derecho Tributario<\/a>\n                        <\/h3>\n                                                    <div class=\"pxl-item--content\">\n                                Representaci\u00f3n y defensa ante la Administraci\u00f3n en materia fiscal.                            <\/div>\n                                                                            <div class=\"pxl-item--readmore\">\n                                <a href=\"http:\/\/sjconsultors.com\/es\/service\/derecho-tributario\/\">\n                                    <span class=\"pxl-mr-15\">M\u00e1s informaci\u00f3n <\/span>\n                                    <i class=\"flaticon-right\"><\/i>\n                                <\/a>\n                            <\/div>\n                                            <\/div>\n                <\/div>\n            <\/div>\n                    <div class=\"pxl-grid-item col-xl-12 col-lg-12 col-md-12 col-sm-12 col-12 \">\n                <div class=\"pxl-item--inner pxl-not-active wow fadeInUp\" data-wow-duration=\"1.2s\">\n                    <div class=\"pxl-item--image hover-imge-effect3\">\n                                                    <div class=\"bg-image\" style=\"--pg-background-image: url('http:\/\/sjconsultors.com\/wp-content\/uploads\/2025\/05\/3610.jpg');\">\n                                <a href=\"http:\/\/sjconsultors.com\/es\/service\/derecho-civil\/\">\n                                    <img loading=\"lazy\" decoding=\"async\" class=\"no-lazyload \" src=\"http:\/\/sjconsultors.com\/wp-content\/uploads\/2025\/05\/3610-700x467.jpg\" width=\"700\" height=\"467\" alt=\"3610\" title=\"3610\" \/>                                <\/a>\n                            <\/div>\n                                            <\/div>\n                    <div class=\"pxl-item--holder\">\n                                                                            <div class=\"pxl-item--icon\">\n                                <img loading=\"lazy\" decoding=\"async\" width=\"128\" height=\"128\" src=\"http:\/\/sjconsultors.com\/wp-content\/uploads\/2024\/03\/seguridad-social.png\" class=\"attachment-full\" alt=\"seguridad social\" \/>                            <\/div>\n                                                \n                        <h3 class=\"pxl-item--title\">\n                            <a href=\"http:\/\/sjconsultors.com\/es\/service\/derecho-civil\/\">Derecho Civil<\/a>\n                        <\/h3>\n                                                    <div class=\"pxl-item--content\">\n                                Resoluci\u00f3n de conflictos entre particulares y empresas dentro del marco civil.                            <\/div>\n                                                                            <div class=\"pxl-item--readmore\">\n                                <a href=\"http:\/\/sjconsultors.com\/es\/service\/derecho-civil\/\">\n                                    <span class=\"pxl-mr-15\">M\u00e1s informaci\u00f3n <\/span>\n                                    <i class=\"flaticon-right\"><\/i>\n                                <\/a>\n                            <\/div>\n                                            <\/div>\n                <\/div>\n            <\/div>\n                    <div class=\"pxl-grid-item col-xl-12 col-lg-12 col-md-12 col-sm-12 col-12 \">\n                <div class=\"pxl-item--inner pxl-not-active wow fadeInUp\" data-wow-duration=\"1.2s\">\n                    <div class=\"pxl-item--image hover-imge-effect3\">\n                                                    <div class=\"bg-image\" style=\"--pg-background-image: url('http:\/\/sjconsultors.com\/wp-content\/uploads\/2025\/05\/29855.jpg');\">\n                                <a href=\"http:\/\/sjconsultors.com\/es\/service\/derecho-concursal\/\">\n                                    <img loading=\"lazy\" decoding=\"async\" class=\"no-lazyload \" src=\"http:\/\/sjconsultors.com\/wp-content\/uploads\/2025\/05\/29855-700x467.jpg\" width=\"700\" height=\"467\" alt=\"29855\" title=\"29855\" \/>                                <\/a>\n                            <\/div>\n                                            <\/div>\n                    <div class=\"pxl-item--holder\">\n                                                                            <div class=\"pxl-item--icon\">\n                                <img loading=\"lazy\" decoding=\"async\" width=\"128\" height=\"128\" src=\"http:\/\/sjconsultors.com\/wp-content\/uploads\/2024\/03\/equilibrar.png\" class=\"attachment-full\" alt=\"equilibrar\" \/>                            <\/div>\n                                                \n                        <h3 class=\"pxl-item--title\">\n                            <a href=\"http:\/\/sjconsultors.com\/es\/service\/derecho-concursal\/\">Derecho Concursal<\/a>\n                        <\/h3>\n                                                    <div class=\"pxl-item--content\">\n                                Asistencia en procedimientos de insolvencia y reestructuraci\u00f3n empresarial.                            <\/div>\n                                                                            <div class=\"pxl-item--readmore\">\n                                <a href=\"http:\/\/sjconsultors.com\/es\/service\/derecho-concursal\/\">\n                                    <span class=\"pxl-mr-15\">M\u00e1s informaci\u00f3n <\/span>\n                                    <i class=\"flaticon-right\"><\/i>\n                                <\/a>\n                            <\/div>\n                                            <\/div>\n                <\/div>\n            <\/div>\n                    <div class=\"pxl-grid-item col-xl-12 col-lg-12 col-md-12 col-sm-12 col-12 \">\n                <div class=\"pxl-item--inner pxl-not-active wow fadeInUp\" data-wow-duration=\"1.2s\">\n                    <div class=\"pxl-item--image hover-imge-effect3\">\n                                                    <div class=\"bg-image\" style=\"--pg-background-image: url('http:\/\/sjconsultors.com\/wp-content\/uploads\/2025\/05\/2147923325.jpg');\">\n                                <a href=\"http:\/\/sjconsultors.com\/es\/service\/derecho-mercantil\/\">\n                                    <img loading=\"lazy\" decoding=\"async\" class=\"no-lazyload \" src=\"http:\/\/sjconsultors.com\/wp-content\/uploads\/2025\/05\/2147923325-700x467.jpg\" width=\"700\" height=\"467\" alt=\"2147923325\" title=\"2147923325\" \/>                                <\/a>\n                            <\/div>\n                                            <\/div>\n                    <div class=\"pxl-item--holder\">\n                                                                            <div class=\"pxl-item--icon\">\n                                <img loading=\"lazy\" decoding=\"async\" width=\"128\" height=\"128\" src=\"http:\/\/sjconsultors.com\/wp-content\/uploads\/2024\/03\/cumplimiento-fiscal.png\" class=\"attachment-full\" alt=\"cumplimiento fiscal\" \/>                            <\/div>\n                                                \n                        <h3 class=\"pxl-item--title\">\n                            <a href=\"http:\/\/sjconsultors.com\/es\/service\/derecho-mercantil\/\">Derecho Mercantil<\/a>\n                        <\/h3>\n                                                    <div class=\"pxl-item--content\">\n                                Soluciones legales en el \u00e1mbito de los negocios y la actividad empresarial.                            <\/div>\n                                                                            <div class=\"pxl-item--readmore\">\n                                <a href=\"http:\/\/sjconsultors.com\/es\/service\/derecho-mercantil\/\">\n                                    <span class=\"pxl-mr-15\">M\u00e1s informaci\u00f3n <\/span>\n                                    <i class=\"flaticon-right\"><\/i>\n                                <\/a>\n                            <\/div>\n                                            <\/div>\n                <\/div>\n            <\/div>\n                <div class=\"grid-sizer col-xl-12 col-lg-12 col-md-12 col-sm-12 col-12\"><\/div>\n    <\/div>\n            <div class=\"pxl-grid-pagination\" data-loadmore=\"{&quot;post_type&quot;:&quot;service&quot;,&quot;layout&quot;:&quot;service-1&quot;,&quot;startPage&quot;:1,&quot;maxPages&quot;:1,&quot;total&quot;:5,&quot;perpage&quot;:5,&quot;nextLink&quot;:&quot;&quot;,&quot;source&quot;:[&quot;departamento-legal|service-category&quot;],&quot;orderby&quot;:&quot;date&quot;,&quot;order&quot;:&quot;desc&quot;,&quot;limit&quot;:5,&quot;post_ids&quot;:[],&quot;col_xl&quot;:12,&quot;col_lg&quot;:12,&quot;col_md&quot;:12,&quot;col_sm&quot;:12,&quot;col_xs&quot;:12,&quot;pagination_type&quot;:&quot;pagination&quot;,&quot;show_excerpt&quot;:&quot;true&quot;,&quot;show_button&quot;:&quot;true&quot;,&quot;button_text&quot;:&quot;M\\u00e1s informaci\\u00f3n &quot;,&quot;num_words&quot;:25,&quot;img_size&quot;:&quot;&quot;,&quot;grid_masonry&quot;:&quot;&quot;,&quot;pxl_animate&quot;:&quot;wow fadeInUp&quot;,&quot;html_id&quot;:&quot;pxl_post_grid-a1a65c4-8981&quot;,&quot;tax&quot;:[]}\" data-query=\"{&quot;post_type&quot;:&quot;service&quot;,&quot;post_status&quot;:&quot;publish&quot;,&quot;posts_per_page&quot;:5,&quot;order&quot;:&quot;desc&quot;,&quot;orderby&quot;:&quot;date&quot;,&quot;tax_query&quot;:{&quot;relation&quot;:&quot;OR&quot;,&quot;0&quot;:{&quot;taxonomy&quot;:&quot;service-category&quot;,&quot;field&quot;:&quot;slug&quot;,&quot;operator&quot;:&quot;IN&quot;,&quot;terms&quot;:[&quot;departamento-legal&quot;]}},&quot;post__not_in&quot;:[6933]}\">\n                    <\/div>\n        <\/div>\t\t\t\t<\/div>\n\t\t\t\t<\/div>\n\t\t            <\/div>\r\n        <\/div>\r\n        \t\t\t<\/div>\n\t\t<\/section>\n\t\t\t\t<\/div>\n\t\t","protected":false},"excerpt":{"rendered":"<p>Derecho Laboral Protecci\u00f3n legal ante conflictos laborales tanto para empresas como particulares. M\u00e1s informaci\u00f3n Derecho Tributario Representaci\u00f3n y defensa ante la Administraci\u00f3n en materia fiscal. M\u00e1s informaci\u00f3n Derecho Civil Resoluci\u00f3n de conflictos entre particulares y empresas dentro del marco civil. M\u00e1s informaci\u00f3n Derecho Consursal Asistencia en procedimientos de insolvencia y reestructuraci\u00f3n empresarial. M\u00e1s informaci\u00f3n Derecho [&hellip;]<\/p>\n","protected":false},"author":1,"featured_media":0,"parent":0,"menu_order":0,"comment_status":"closed","ping_status":"closed","template":"","meta":{"footnotes":""},"class_list":["post-6933","page","type-page","status-publish","hentry"],"yoast_head":"<!-- This site is optimized with the Yoast SEO plugin v25.3 - https:\/\/yoast.com\/wordpress\/plugins\/seo\/ -->\n<title>Departamento Legal - SJ Consultors<\/title>\n<meta name=\"robots\" content=\"index, follow, max-snippet:-1, max-image-preview:large, max-video-preview:-1\" \/>\n<link rel=\"canonical\" href=\"https:\/\/sjconsultors.com\/es\/departamento-legal\/\" \/>\n<meta property=\"og:locale\" content=\"es_ES\" \/>\n<meta property=\"og:type\" content=\"article\" \/>\n<meta property=\"og:title\" content=\"Departamento Legal - SJ Consultors\" \/>\n<meta property=\"og:description\" content=\"Derecho Laboral Protecci\u00f3n legal ante conflictos laborales tanto para empresas como particulares. M\u00e1s informaci\u00f3n Derecho Tributario Representaci\u00f3n y defensa ante la Administraci\u00f3n en materia fiscal. M\u00e1s informaci\u00f3n Derecho Civil Resoluci\u00f3n de conflictos entre particulares y empresas dentro del marco civil. M\u00e1s informaci\u00f3n Derecho Consursal Asistencia en procedimientos de insolvencia y reestructuraci\u00f3n empresarial. M\u00e1s informaci\u00f3n Derecho [&hellip;]\" \/>\n<meta property=\"og:url\" content=\"https:\/\/sjconsultors.com\/es\/departamento-legal\/\" \/>\n<meta property=\"og:site_name\" content=\"SJ Consultors\" \/>\n<meta property=\"article:modified_time\" content=\"2025-05-28T09:05:23+00:00\" \/>\n<meta property=\"og:image\" content=\"http:\/\/sjconsultors.com\/wp-content\/uploads\/2025\/05\/4894-700x467.jpg\" \/>\n<meta name=\"twitter:card\" content=\"summary_large_image\" \/>\n<script type=\"application\/ld+json\" class=\"yoast-schema-graph\">{\"@context\":\"https:\/\/schema.org\",\"@graph\":[{\"@type\":\"WebPage\",\"@id\":\"https:\/\/sjconsultors.com\/es\/departamento-legal\/\",\"url\":\"https:\/\/sjconsultors.com\/es\/departamento-legal\/\",\"name\":\"Departamento Legal - SJ Consultors\",\"isPartOf\":{\"@id\":\"http:\/\/sjconsultors.com\/#website\"},\"primaryImageOfPage\":{\"@id\":\"https:\/\/sjconsultors.com\/es\/departamento-legal\/#primaryimage\"},\"image\":{\"@id\":\"https:\/\/sjconsultors.com\/es\/departamento-legal\/#primaryimage\"},\"thumbnailUrl\":\"http:\/\/sjconsultors.com\/wp-content\/uploads\/2025\/05\/4894-700x467.jpg\",\"datePublished\":\"2025-05-20T10:38:28+00:00\",\"dateModified\":\"2025-05-28T09:05:23+00:00\",\"breadcrumb\":{\"@id\":\"https:\/\/sjconsultors.com\/es\/departamento-legal\/#breadcrumb\"},\"inLanguage\":\"es\",\"potentialAction\":[{\"@type\":\"ReadAction\",\"target\":[\"https:\/\/sjconsultors.com\/es\/departamento-legal\/\"]}]},{\"@type\":\"ImageObject\",\"inLanguage\":\"es\",\"@id\":\"https:\/\/sjconsultors.com\/es\/departamento-legal\/#primaryimage\",\"url\":\"http:\/\/sjconsultors.com\/wp-content\/uploads\/2025\/05\/4894-700x467.jpg\",\"contentUrl\":\"http:\/\/sjconsultors.com\/wp-content\/uploads\/2025\/05\/4894-700x467.jpg\"},{\"@type\":\"BreadcrumbList\",\"@id\":\"https:\/\/sjconsultors.com\/es\/departamento-legal\/#breadcrumb\",\"itemListElement\":[{\"@type\":\"ListItem\",\"position\":1,\"name\":\"Portada\",\"item\":\"https:\/\/sjconsultors.com\/es\/\"},{\"@type\":\"ListItem\",\"position\":2,\"name\":\"Departamento Legal\"}]},{\"@type\":\"WebSite\",\"@id\":\"http:\/\/sjconsultors.com\/#website\",\"url\":\"http:\/\/sjconsultors.com\/\",\"name\":\"SJ Consultors\",\"description\":\"\",\"publisher\":{\"@id\":\"http:\/\/sjconsultors.com\/#organization\"},\"potentialAction\":[{\"@type\":\"SearchAction\",\"target\":{\"@type\":\"EntryPoint\",\"urlTemplate\":\"http:\/\/sjconsultors.com\/?s={search_term_string}\"},\"query-input\":{\"@type\":\"PropertyValueSpecification\",\"valueRequired\":true,\"valueName\":\"search_term_string\"}}],\"inLanguage\":\"es\"},{\"@type\":\"Organization\",\"@id\":\"http:\/\/sjconsultors.com\/#organization\",\"name\":\"SJ Consultors\",\"url\":\"http:\/\/sjconsultors.com\/\",\"logo\":{\"@type\":\"ImageObject\",\"inLanguage\":\"es\",\"@id\":\"http:\/\/sjconsultors.com\/#\/schema\/logo\/image\/\",\"url\":\"http:\/\/sjconsultors.com\/wp-content\/uploads\/2024\/03\/LOGOBLUOSCURO.png\",\"contentUrl\":\"http:\/\/sjconsultors.com\/wp-content\/uploads\/2024\/03\/LOGOBLUOSCURO.png\",\"width\":150,\"height\":71,\"caption\":\"SJ Consultors\"},\"image\":{\"@id\":\"http:\/\/sjconsultors.com\/#\/schema\/logo\/image\/\"}}]}<\/script>\n<!-- \/ Yoast SEO plugin. -->","yoast_head_json":{"title":"Departamento Legal - SJ Consultors","robots":{"index":"index","follow":"follow","max-snippet":"max-snippet:-1","max-image-preview":"max-image-preview:large","max-video-preview":"max-video-preview:-1"},"canonical":"https:\/\/sjconsultors.com\/es\/departamento-legal\/","og_locale":"es_ES","og_type":"article","og_title":"Departamento Legal - SJ Consultors","og_description":"Derecho Laboral Protecci\u00f3n legal ante conflictos laborales tanto para empresas como particulares. M\u00e1s informaci\u00f3n Derecho Tributario Representaci\u00f3n y defensa ante la Administraci\u00f3n en materia fiscal. M\u00e1s informaci\u00f3n Derecho Civil Resoluci\u00f3n de conflictos entre particulares y empresas dentro del marco civil. M\u00e1s informaci\u00f3n Derecho Consursal Asistencia en procedimientos de insolvencia y reestructuraci\u00f3n empresarial. M\u00e1s informaci\u00f3n Derecho [&hellip;]","og_url":"https:\/\/sjconsultors.com\/es\/departamento-legal\/","og_site_name":"SJ Consultors","article_modified_time":"2025-05-28T09:05:23+00:00","og_image":[{"url":"http:\/\/sjconsultors.com\/wp-content\/uploads\/2025\/05\/4894-700x467.jpg","type":"","width":"","height":""}],"twitter_card":"summary_large_image","schema":{"@context":"https:\/\/schema.org","@graph":[{"@type":"WebPage","@id":"https:\/\/sjconsultors.com\/es\/departamento-legal\/","url":"https:\/\/sjconsultors.com\/es\/departamento-legal\/","name":"Departamento Legal - SJ Consultors","isPartOf":{"@id":"http:\/\/sjconsultors.com\/#website"},"primaryImageOfPage":{"@id":"https:\/\/sjconsultors.com\/es\/departamento-legal\/#primaryimage"},"image":{"@id":"https:\/\/sjconsultors.com\/es\/departamento-legal\/#primaryimage"},"thumbnailUrl":"http:\/\/sjconsultors.com\/wp-content\/uploads\/2025\/05\/4894-700x467.jpg","datePublished":"2025-05-20T10:38:28+00:00","dateModified":"2025-05-28T09:05:23+00:00","breadcrumb":{"@id":"https:\/\/sjconsultors.com\/es\/departamento-legal\/#breadcrumb"},"inLanguage":"es","potentialAction":[{"@type":"ReadAction","target":["https:\/\/sjconsultors.com\/es\/departamento-legal\/"]}]},{"@type":"ImageObject","inLanguage":"es","@id":"https:\/\/sjconsultors.com\/es\/departamento-legal\/#primaryimage","url":"http:\/\/sjconsultors.com\/wp-content\/uploads\/2025\/05\/4894-700x467.jpg","contentUrl":"http:\/\/sjconsultors.com\/wp-content\/uploads\/2025\/05\/4894-700x467.jpg"},{"@type":"BreadcrumbList","@id":"https:\/\/sjconsultors.com\/es\/departamento-legal\/#breadcrumb","itemListElement":[{"@type":"ListItem","position":1,"name":"Portada","item":"https:\/\/sjconsultors.com\/es\/"},{"@type":"ListItem","position":2,"name":"Departamento Legal"}]},{"@type":"WebSite","@id":"http:\/\/sjconsultors.com\/#website","url":"http:\/\/sjconsultors.com\/","name":"SJ Consultors","description":"","publisher":{"@id":"http:\/\/sjconsultors.com\/#organization"},"potentialAction":[{"@type":"SearchAction","target":{"@type":"EntryPoint","urlTemplate":"http:\/\/sjconsultors.com\/?s={search_term_string}"},"query-input":{"@type":"PropertyValueSpecification","valueRequired":true,"valueName":"search_term_string"}}],"inLanguage":"es"},{"@type":"Organization","@id":"http:\/\/sjconsultors.com\/#organization","name":"SJ Consultors","url":"http:\/\/sjconsultors.com\/","logo":{"@type":"ImageObject","inLanguage":"es","@id":"http:\/\/sjconsultors.com\/#\/schema\/logo\/image\/","url":"http:\/\/sjconsultors.com\/wp-content\/uploads\/2024\/03\/LOGOBLUOSCURO.png","contentUrl":"http:\/\/sjconsultors.com\/wp-content\/uploads\/2024\/03\/LOGOBLUOSCURO.png","width":150,"height":71,"caption":"SJ Consultors"},"image":{"@id":"http:\/\/sjconsultors.com\/#\/schema\/logo\/image\/"}}]}},"_links":{"self":[{"href":"http:\/\/sjconsultors.com\/es\/wp-json\/wp\/v2\/pages\/6933","targetHints":{"allow":["GET"]}}],"collection":[{"href":"http:\/\/sjconsultors.com\/es\/wp-json\/wp\/v2\/pages"}],"about":[{"href":"http:\/\/sjconsultors.com\/es\/wp-json\/wp\/v2\/types\/page"}],"author":[{"embeddable":true,"href":"http:\/\/sjconsultors.com\/es\/wp-json\/wp\/v2\/users\/1"}],"replies":[{"embeddable":true,"href":"http:\/\/sjconsultors.com\/es\/wp-json\/wp\/v2\/comments?post=6933"}],"version-history":[{"count":10,"href":"http:\/\/sjconsultors.com\/es\/wp-json\/wp\/v2\/pages\/6933\/revisions"}],"predecessor-version":[{"id":7171,"href":"http:\/\/sjconsultors.com\/es\/wp-json\/wp\/v2\/pages\/6933\/revisions\/7171"}],"wp:attachment":[{"href":"http:\/\/sjconsultors.com\/es\/wp-json\/wp\/v2\/media?parent=6933"}],"curies":[{"name":"wp","href":"https:\/\/api.w.org\/{rel}","templated":true}]}}