{"id":7949,"date":"2024-03-05T03:17:04","date_gmt":"2024-03-05T03:17:04","guid":{"rendered":"https:\/\/sjconsultors.com\/departamento-economico\/"},"modified":"2025-06-18T14:08:31","modified_gmt":"2025-06-18T14:08:31","slug":"economic-department","status":"publish","type":"page","link":"https:\/\/sjconsultors.com\/en\/economic-department\/","title":{"rendered":"Economic Department"},"content":{"rendered":"\t\t<div data-elementor-type=\"wp-page\" data-elementor-id=\"7949\" class=\"elementor elementor-7949 elementor-23\">\n\t\t\t\t        <section class=\"elementor-section elementor-top-section elementor-element elementor-element-5cad0c3 elementor-section-stretched elementor-section-boxed elementor-section-height-default elementor-section-height-default pxl-row-scroll-none pxl-bg-color-none pxl-section-overlay-none\" data-id=\"5cad0c3\" data-element_type=\"section\" data-settings=\"{&quot;stretch_section&quot;:&quot;section-stretched&quot;}\">\n\n                \n                <div class=\"elementor-container elementor-column-gap-extended \">\n                <div class=\"elementor-column elementor-col-100 elementor-top-column elementor-element elementor-element-9e33018 pxl-column-none pxl-column-overflow-hidden-no\" data-id=\"9e33018\" data-element_type=\"column\">\r\n        <div class=\"elementor-widget-wrap elementor-element-populated\">\r\n                     \r\n        \t\t<div class=\"elementor-element elementor-element-a1a65c4 pxl-post-layout-service-1 elementor-widget elementor-widget-pxl_post_grid\" data-id=\"a1a65c4\" data-element_type=\"widget\" data-widget_type=\"pxl_post_grid.default\">\n\t\t\t\t<div class=\"elementor-widget-container\">\n\t\t\t\t\t\n<div id=\"pxl_post_grid-a1a65c4-7794\" class=\"pxl-grid pxl-service-grid pxl-service-layout1\" data-layout=\"masonry\" data-start-page=\"1\" data-max-pages=\"1\" data-total=\"5\" data-perpage=\"5\" data-next-link=\"\">\n    \n    <div class=\"pxl-grid-inner pxl-grid-masonry row\" data-gutter=\"15\">\n                    <div class=\"pxl-grid-item col-xl-12 col-lg-12 col-md-12 col-sm-12 col-12 \">\n                <div class=\"pxl-item--inner pxl-not-active wow fadeInUp\" data-wow-duration=\"1.2s\">\n                    <div class=\"pxl-item--image hover-imge-effect3\">\n                                                    <div class=\"bg-image\" style=\"--pg-background-image: url('https:\/\/sjconsultors.com\/wp-content\/uploads\/2024\/03\/2150377157.jpg');\">\n                                <a href=\"https:\/\/sjconsultors.com\/en\/service\/audit\/\">\n                                    <img fetchpriority=\"high\" decoding=\"async\" class=\"no-lazyload \" src=\"https:\/\/sjconsultors.com\/wp-content\/uploads\/2024\/03\/2150377157-700x467.jpg\" width=\"700\" height=\"467\" alt=\"2150377157\" title=\"2150377157\" \/>                                <\/a>\n                            <\/div>\n                                            <\/div>\n                    <div class=\"pxl-item--holder\">\n                                                                            <div class=\"pxl-item--icon\">\n                                <img decoding=\"async\" width=\"128\" height=\"128\" src=\"https:\/\/sjconsultors.com\/wp-content\/uploads\/2024\/03\/lista-de-verificacion.png\" class=\"attachment-full\" alt=\"lista de verificacion\" \/>                            <\/div>\n                                                \n                        <h3 class=\"pxl-item--title\">\n                            <a href=\"https:\/\/sjconsultors.com\/en\/service\/audit\/\">Audit<\/a>\n                        <\/h3>\n                                                    <div class=\"pxl-item--content\">\n                                Independent analysis to ensure the accuracy of financial information.                            <\/div>\n                                                                            <div class=\"pxl-item--readmore\">\n                                <a href=\"https:\/\/sjconsultors.com\/en\/service\/audit\/\">\n                                    <span class=\"pxl-mr-15\">More information<\/span>\n                                    <i class=\"flaticon-right\"><\/i>\n                                <\/a>\n                            <\/div>\n                                            <\/div>\n                <\/div>\n            <\/div>\n                    <div class=\"pxl-grid-item col-xl-12 col-lg-12 col-md-12 col-sm-12 col-12 \">\n                <div class=\"pxl-item--inner pxl-not-active wow fadeInUp\" data-wow-duration=\"1.2s\">\n                    <div class=\"pxl-item--image hover-imge-effect3\">\n                                                    <div class=\"bg-image\" style=\"--pg-background-image: url('https:\/\/sjconsultors.com\/wp-content\/uploads\/2024\/03\/15773.jpg');\">\n                                <a href=\"https:\/\/sjconsultors.com\/en\/service\/consulting\/\">\n                                    <img decoding=\"async\" class=\"no-lazyload \" src=\"https:\/\/sjconsultors.com\/wp-content\/uploads\/2024\/03\/15773-700x467.jpg\" width=\"700\" height=\"467\" alt=\"15773\" title=\"15773\" \/>                                <\/a>\n                            <\/div>\n                                            <\/div>\n                    <div class=\"pxl-item--holder\">\n                                                                            <div class=\"pxl-item--icon\">\n                                <img loading=\"lazy\" decoding=\"async\" width=\"128\" height=\"128\" src=\"https:\/\/sjconsultors.com\/wp-content\/uploads\/2024\/03\/consultor.png\" class=\"attachment-full\" alt=\"consultor\" \/>                            <\/div>\n                                                \n                        <h3 class=\"pxl-item--title\">\n                            <a href=\"https:\/\/sjconsultors.com\/en\/service\/consulting\/\">Consulting<\/a>\n                        <\/h3>\n                                                    <div class=\"pxl-item--content\">\n                                We support your company with customized solutions in different key areas.                            <\/div>\n                                                                            <div class=\"pxl-item--readmore\">\n                                <a href=\"https:\/\/sjconsultors.com\/en\/service\/consulting\/\">\n                                    <span class=\"pxl-mr-15\">More information<\/span>\n                                    <i class=\"flaticon-right\"><\/i>\n                                <\/a>\n                            <\/div>\n                                            <\/div>\n                <\/div>\n            <\/div>\n                    <div class=\"pxl-grid-item col-xl-12 col-lg-12 col-md-12 col-sm-12 col-12 \">\n                <div class=\"pxl-item--inner pxl-not-active wow fadeInUp\" data-wow-duration=\"1.2s\">\n                    <div class=\"pxl-item--image hover-imge-effect3\">\n                                                    <div class=\"bg-image\" style=\"--pg-background-image: url('https:\/\/sjconsultors.com\/wp-content\/uploads\/2024\/03\/2149713663.jpg');\">\n                                <a href=\"https:\/\/sjconsultors.com\/en\/service\/labor-consulting\/\">\n                                    <img loading=\"lazy\" decoding=\"async\" class=\"no-lazyload \" src=\"https:\/\/sjconsultors.com\/wp-content\/uploads\/2024\/03\/2149713663-700x467.jpg\" width=\"700\" height=\"467\" alt=\"2149713663\" title=\"2149713663\" \/>                                <\/a>\n                            <\/div>\n                                            <\/div>\n                    <div class=\"pxl-item--holder\">\n                                                                            <div class=\"pxl-item--icon\">\n                                <img loading=\"lazy\" decoding=\"async\" width=\"128\" height=\"128\" src=\"https:\/\/sjconsultors.com\/wp-content\/uploads\/2024\/03\/casco-de-seguridad.png\" class=\"attachment-full\" alt=\"casco de seguridad\" \/>                            <\/div>\n                                                \n                        <h3 class=\"pxl-item--title\">\n                            <a href=\"https:\/\/sjconsultors.com\/en\/service\/labor-consulting\/\">Labor consulting<\/a>\n                        <\/h3>\n                                                    <div class=\"pxl-item--content\">\n                                Integral solutions for personnel management and labor relations.                            <\/div>\n                                                                            <div class=\"pxl-item--readmore\">\n                                <a href=\"https:\/\/sjconsultors.com\/en\/service\/labor-consulting\/\">\n                                    <span class=\"pxl-mr-15\">More information<\/span>\n                                    <i class=\"flaticon-right\"><\/i>\n                                <\/a>\n                            <\/div>\n                                            <\/div>\n                <\/div>\n            <\/div>\n                    <div class=\"pxl-grid-item col-xl-12 col-lg-12 col-md-12 col-sm-12 col-12 \">\n                <div class=\"pxl-item--inner pxl-not-active wow fadeInUp\" data-wow-duration=\"1.2s\">\n                    <div class=\"pxl-item--image hover-imge-effect3\">\n                                                    <div class=\"bg-image\" style=\"--pg-background-image: url('https:\/\/sjconsultors.com\/wp-content\/uploads\/2024\/03\/63744.jpg');\">\n                                <a href=\"https:\/\/sjconsultors.com\/en\/service\/expert-reports\/\">\n                                    <img loading=\"lazy\" decoding=\"async\" class=\"no-lazyload \" src=\"https:\/\/sjconsultors.com\/wp-content\/uploads\/2024\/03\/63744-700x467.jpg\" width=\"700\" height=\"467\" alt=\"63744\" title=\"63744\" \/>                                <\/a>\n                            <\/div>\n                                            <\/div>\n                    <div class=\"pxl-item--holder\">\n                                                                            <div class=\"pxl-item--icon\">\n                                <img loading=\"lazy\" decoding=\"async\" width=\"128\" height=\"128\" src=\"https:\/\/sjconsultors.com\/wp-content\/uploads\/2024\/03\/informe-seo.png\" class=\"attachment-full\" alt=\"informe seo\" \/>                            <\/div>\n                                                \n                        <h3 class=\"pxl-item--title\">\n                            <a href=\"https:\/\/sjconsultors.com\/en\/service\/expert-reports\/\">Expert reports<\/a>\n                        <\/h3>\n                                                    <div class=\"pxl-item--content\">\n                                Preparation of technical reports with legal validity and professional support.                            <\/div>\n                                                                            <div class=\"pxl-item--readmore\">\n                                <a href=\"https:\/\/sjconsultors.com\/en\/service\/expert-reports\/\">\n                                    <span class=\"pxl-mr-15\">More information<\/span>\n                                    <i class=\"flaticon-right\"><\/i>\n                                <\/a>\n                            <\/div>\n                                            <\/div>\n                <\/div>\n            <\/div>\n                    <div class=\"pxl-grid-item col-xl-12 col-lg-12 col-md-12 col-sm-12 col-12 \">\n                <div class=\"pxl-item--inner pxl-not-active wow fadeInUp\" data-wow-duration=\"1.2s\">\n                    <div class=\"pxl-item--image hover-imge-effect3\">\n                                                    <div class=\"bg-image\" style=\"--pg-background-image: url('https:\/\/sjconsultors.com\/wp-content\/uploads\/2024\/03\/2148819841.jpg');\">\n                                <a href=\"https:\/\/sjconsultors.com\/en\/service\/api-2\/\">\n                                    <img loading=\"lazy\" decoding=\"async\" class=\"no-lazyload \" src=\"https:\/\/sjconsultors.com\/wp-content\/uploads\/2024\/03\/2148819841-700x467.jpg\" width=\"700\" height=\"467\" alt=\"2148819841\" title=\"2148819841\" \/>                                <\/a>\n                            <\/div>\n                                            <\/div>\n                    <div class=\"pxl-item--holder\">\n                                                                            <div class=\"pxl-item--icon\">\n                                <img loading=\"lazy\" decoding=\"async\" width=\"128\" height=\"128\" src=\"https:\/\/sjconsultors.com\/wp-content\/uploads\/2024\/03\/evaluacion.png\" class=\"attachment-full\" alt=\"evaluacion\" \/>                            <\/div>\n                                                \n                        <h3 class=\"pxl-item--title\">\n                            <a href=\"https:\/\/sjconsultors.com\/en\/service\/api-2\/\">API<\/a>\n                        <\/h3>\n                                                    <div class=\"pxl-item--content\">\n                                Specialized services in the real estate field with full legal guarantee.                            <\/div>\n                                                                            <div class=\"pxl-item--readmore\">\n                                <a href=\"https:\/\/sjconsultors.com\/en\/service\/api-2\/\">\n                                    <span class=\"pxl-mr-15\">More information<\/span>\n                                    <i class=\"flaticon-right\"><\/i>\n                                <\/a>\n                            <\/div>\n                                            <\/div>\n                <\/div>\n            <\/div>\n                <div class=\"grid-sizer col-xl-12 col-lg-12 col-md-12 col-sm-12 col-12\"><\/div>\n    <\/div>\n            <div class=\"pxl-grid-pagination\" data-loadmore=\"{&quot;post_type&quot;:&quot;service&quot;,&quot;layout&quot;:&quot;service-1&quot;,&quot;startPage&quot;:1,&quot;maxPages&quot;:1,&quot;total&quot;:5,&quot;perpage&quot;:5,&quot;nextLink&quot;:&quot;&quot;,&quot;source&quot;:[&quot;departamento-economico-ingles|service-category&quot;],&quot;orderby&quot;:&quot;date&quot;,&quot;order&quot;:&quot;asc&quot;,&quot;limit&quot;:5,&quot;post_ids&quot;:[],&quot;col_xl&quot;:12,&quot;col_lg&quot;:12,&quot;col_md&quot;:12,&quot;col_sm&quot;:12,&quot;col_xs&quot;:12,&quot;pagination_type&quot;:&quot;pagination&quot;,&quot;show_excerpt&quot;:&quot;true&quot;,&quot;show_button&quot;:&quot;true&quot;,&quot;button_text&quot;:&quot;More information&quot;,&quot;num_words&quot;:25,&quot;img_size&quot;:&quot;&quot;,&quot;grid_masonry&quot;:&quot;&quot;,&quot;pxl_animate&quot;:&quot;wow fadeInUp&quot;,&quot;html_id&quot;:&quot;pxl_post_grid-a1a65c4-7794&quot;,&quot;tax&quot;:[]}\" data-query=\"{&quot;post_type&quot;:&quot;service&quot;,&quot;post_status&quot;:&quot;publish&quot;,&quot;posts_per_page&quot;:5,&quot;order&quot;:&quot;asc&quot;,&quot;orderby&quot;:&quot;date&quot;,&quot;tax_query&quot;:{&quot;relation&quot;:&quot;OR&quot;,&quot;0&quot;:{&quot;taxonomy&quot;:&quot;service-category&quot;,&quot;field&quot;:&quot;slug&quot;,&quot;operator&quot;:&quot;IN&quot;,&quot;terms&quot;:[&quot;departamento-economico-ingles&quot;]}},&quot;post__not_in&quot;:[7949]}\">\n                    <\/div>\n        <\/div>\t\t\t\t<\/div>\n\t\t\t\t<\/div>\n\t\t            <\/div>\r\n        <\/div>\r\n        \t\t\t<\/div>\n\t\t<\/section>\n\t\t\t\t<\/div>\n\t\t","protected":false},"excerpt":{"rendered":"<p>Audit An\u00e1lisis independiente para garantizar la veracidad de la informaci\u00f3n financiera More information Consulting Acompa\u00f1amos a tu empresa con soluciones a medida en distintas \u00e1reas clave. More information Labor consulting Soluciones integrales para la gesti\u00f3n de personal y relaciones laborales. More information Expert reports Elaboraci\u00f3n de informes t\u00e9cnicos con validez jur\u00eddica y respaldo profesional. More [&hellip;]<\/p>\n","protected":false},"author":1,"featured_media":0,"parent":0,"menu_order":0,"comment_status":"closed","ping_status":"closed","template":"","meta":{"footnotes":""},"class_list":["post-7949","page","type-page","status-publish","hentry"],"yoast_head":"<!-- This site is optimized with the Yoast SEO plugin v25.3 - https:\/\/yoast.com\/wordpress\/plugins\/seo\/ -->\n<title>Economic Department - SJ Consultors<\/title>\n<meta name=\"robots\" content=\"index, follow, max-snippet:-1, max-image-preview:large, max-video-preview:-1\" \/>\n<link rel=\"canonical\" href=\"https:\/\/sjconsultors.com\/en\/economic-department\/\" \/>\n<meta property=\"og:locale\" content=\"en_US\" \/>\n<meta property=\"og:type\" content=\"article\" \/>\n<meta property=\"og:title\" content=\"Economic Department - SJ Consultors\" \/>\n<meta property=\"og:description\" content=\"Audit An\u00e1lisis independiente para garantizar la veracidad de la informaci\u00f3n financiera More information Consulting Acompa\u00f1amos a tu empresa con soluciones a medida en distintas \u00e1reas clave. More information Labor consulting Soluciones integrales para la gesti\u00f3n de personal y relaciones laborales. More information Expert reports Elaboraci\u00f3n de informes t\u00e9cnicos con validez jur\u00eddica y respaldo profesional. More [&hellip;]\" \/>\n<meta property=\"og:url\" content=\"https:\/\/sjconsultors.com\/en\/economic-department\/\" \/>\n<meta property=\"og:site_name\" content=\"SJ Consultors\" \/>\n<meta property=\"article:modified_time\" content=\"2025-06-18T14:08:31+00:00\" \/>\n<meta property=\"og:image\" content=\"http:\/\/sjconsultors.com\/wp-content\/uploads\/2024\/03\/2150377157-700x467.jpg\" \/>\n<meta name=\"twitter:card\" content=\"summary_large_image\" \/>\n<meta name=\"twitter:label1\" content=\"Est. reading time\" \/>\n\t<meta name=\"twitter:data1\" content=\"3 minutes\" \/>\n<script type=\"application\/ld+json\" class=\"yoast-schema-graph\">{\"@context\":\"https:\/\/schema.org\",\"@graph\":[{\"@type\":\"WebPage\",\"@id\":\"https:\/\/sjconsultors.com\/en\/economic-department\/\",\"url\":\"https:\/\/sjconsultors.com\/en\/economic-department\/\",\"name\":\"Economic Department - SJ Consultors\",\"isPartOf\":{\"@id\":\"http:\/\/sjconsultors.com\/#website\"},\"primaryImageOfPage\":{\"@id\":\"https:\/\/sjconsultors.com\/en\/economic-department\/#primaryimage\"},\"image\":{\"@id\":\"https:\/\/sjconsultors.com\/en\/economic-department\/#primaryimage\"},\"thumbnailUrl\":\"http:\/\/sjconsultors.com\/wp-content\/uploads\/2024\/03\/2150377157-700x467.jpg\",\"datePublished\":\"2024-03-05T03:17:04+00:00\",\"dateModified\":\"2025-06-18T14:08:31+00:00\",\"breadcrumb\":{\"@id\":\"https:\/\/sjconsultors.com\/en\/economic-department\/#breadcrumb\"},\"inLanguage\":\"en-US\",\"potentialAction\":[{\"@type\":\"ReadAction\",\"target\":[\"https:\/\/sjconsultors.com\/en\/economic-department\/\"]}]},{\"@type\":\"ImageObject\",\"inLanguage\":\"en-US\",\"@id\":\"https:\/\/sjconsultors.com\/en\/economic-department\/#primaryimage\",\"url\":\"http:\/\/sjconsultors.com\/wp-content\/uploads\/2024\/03\/2150377157-700x467.jpg\",\"contentUrl\":\"http:\/\/sjconsultors.com\/wp-content\/uploads\/2024\/03\/2150377157-700x467.jpg\"},{\"@type\":\"BreadcrumbList\",\"@id\":\"https:\/\/sjconsultors.com\/en\/economic-department\/#breadcrumb\",\"itemListElement\":[{\"@type\":\"ListItem\",\"position\":1,\"name\":\"Portada\",\"item\":\"http:\/\/sjconsultors.com\/en\/\"},{\"@type\":\"ListItem\",\"position\":2,\"name\":\"Economic Department\"}]},{\"@type\":\"WebSite\",\"@id\":\"http:\/\/sjconsultors.com\/#website\",\"url\":\"http:\/\/sjconsultors.com\/\",\"name\":\"SJ Consultors\",\"description\":\"\",\"publisher\":{\"@id\":\"http:\/\/sjconsultors.com\/#organization\"},\"potentialAction\":[{\"@type\":\"SearchAction\",\"target\":{\"@type\":\"EntryPoint\",\"urlTemplate\":\"http:\/\/sjconsultors.com\/?s={search_term_string}\"},\"query-input\":{\"@type\":\"PropertyValueSpecification\",\"valueRequired\":true,\"valueName\":\"search_term_string\"}}],\"inLanguage\":\"en-US\"},{\"@type\":\"Organization\",\"@id\":\"http:\/\/sjconsultors.com\/#organization\",\"name\":\"SJ Consultors\",\"url\":\"http:\/\/sjconsultors.com\/\",\"logo\":{\"@type\":\"ImageObject\",\"inLanguage\":\"en-US\",\"@id\":\"http:\/\/sjconsultors.com\/#\/schema\/logo\/image\/\",\"url\":\"https:\/\/sjconsultors.com\/wp-content\/uploads\/2024\/03\/LOGOBLUOSCURO.png\",\"contentUrl\":\"https:\/\/sjconsultors.com\/wp-content\/uploads\/2024\/03\/LOGOBLUOSCURO.png\",\"width\":150,\"height\":71,\"caption\":\"SJ Consultors\"},\"image\":{\"@id\":\"http:\/\/sjconsultors.com\/#\/schema\/logo\/image\/\"}}]}<\/script>\n<!-- \/ Yoast SEO plugin. -->","yoast_head_json":{"title":"Economic Department - SJ Consultors","robots":{"index":"index","follow":"follow","max-snippet":"max-snippet:-1","max-image-preview":"max-image-preview:large","max-video-preview":"max-video-preview:-1"},"canonical":"https:\/\/sjconsultors.com\/en\/economic-department\/","og_locale":"en_US","og_type":"article","og_title":"Economic Department - SJ Consultors","og_description":"Audit An\u00e1lisis independiente para garantizar la veracidad de la informaci\u00f3n financiera More information Consulting Acompa\u00f1amos a tu empresa con soluciones a medida en distintas \u00e1reas clave. More information Labor consulting Soluciones integrales para la gesti\u00f3n de personal y relaciones laborales. More information Expert reports Elaboraci\u00f3n de informes t\u00e9cnicos con validez jur\u00eddica y respaldo profesional. More [&hellip;]","og_url":"https:\/\/sjconsultors.com\/en\/economic-department\/","og_site_name":"SJ Consultors","article_modified_time":"2025-06-18T14:08:31+00:00","og_image":[{"url":"http:\/\/sjconsultors.com\/wp-content\/uploads\/2024\/03\/2150377157-700x467.jpg","type":"","width":"","height":""}],"twitter_card":"summary_large_image","twitter_misc":{"Est. reading time":"3 minutes"},"schema":{"@context":"https:\/\/schema.org","@graph":[{"@type":"WebPage","@id":"https:\/\/sjconsultors.com\/en\/economic-department\/","url":"https:\/\/sjconsultors.com\/en\/economic-department\/","name":"Economic Department - SJ Consultors","isPartOf":{"@id":"http:\/\/sjconsultors.com\/#website"},"primaryImageOfPage":{"@id":"https:\/\/sjconsultors.com\/en\/economic-department\/#primaryimage"},"image":{"@id":"https:\/\/sjconsultors.com\/en\/economic-department\/#primaryimage"},"thumbnailUrl":"http:\/\/sjconsultors.com\/wp-content\/uploads\/2024\/03\/2150377157-700x467.jpg","datePublished":"2024-03-05T03:17:04+00:00","dateModified":"2025-06-18T14:08:31+00:00","breadcrumb":{"@id":"https:\/\/sjconsultors.com\/en\/economic-department\/#breadcrumb"},"inLanguage":"en-US","potentialAction":[{"@type":"ReadAction","target":["https:\/\/sjconsultors.com\/en\/economic-department\/"]}]},{"@type":"ImageObject","inLanguage":"en-US","@id":"https:\/\/sjconsultors.com\/en\/economic-department\/#primaryimage","url":"http:\/\/sjconsultors.com\/wp-content\/uploads\/2024\/03\/2150377157-700x467.jpg","contentUrl":"http:\/\/sjconsultors.com\/wp-content\/uploads\/2024\/03\/2150377157-700x467.jpg"},{"@type":"BreadcrumbList","@id":"https:\/\/sjconsultors.com\/en\/economic-department\/#breadcrumb","itemListElement":[{"@type":"ListItem","position":1,"name":"Portada","item":"http:\/\/sjconsultors.com\/en\/"},{"@type":"ListItem","position":2,"name":"Economic Department"}]},{"@type":"WebSite","@id":"http:\/\/sjconsultors.com\/#website","url":"http:\/\/sjconsultors.com\/","name":"SJ Consultors","description":"","publisher":{"@id":"http:\/\/sjconsultors.com\/#organization"},"potentialAction":[{"@type":"SearchAction","target":{"@type":"EntryPoint","urlTemplate":"http:\/\/sjconsultors.com\/?s={search_term_string}"},"query-input":{"@type":"PropertyValueSpecification","valueRequired":true,"valueName":"search_term_string"}}],"inLanguage":"en-US"},{"@type":"Organization","@id":"http:\/\/sjconsultors.com\/#organization","name":"SJ Consultors","url":"http:\/\/sjconsultors.com\/","logo":{"@type":"ImageObject","inLanguage":"en-US","@id":"http:\/\/sjconsultors.com\/#\/schema\/logo\/image\/","url":"https:\/\/sjconsultors.com\/wp-content\/uploads\/2024\/03\/LOGOBLUOSCURO.png","contentUrl":"https:\/\/sjconsultors.com\/wp-content\/uploads\/2024\/03\/LOGOBLUOSCURO.png","width":150,"height":71,"caption":"SJ Consultors"},"image":{"@id":"http:\/\/sjconsultors.com\/#\/schema\/logo\/image\/"}}]}},"_links":{"self":[{"href":"https:\/\/sjconsultors.com\/en\/wp-json\/wp\/v2\/pages\/7949","targetHints":{"allow":["GET"]}}],"collection":[{"href":"https:\/\/sjconsultors.com\/en\/wp-json\/wp\/v2\/pages"}],"about":[{"href":"https:\/\/sjconsultors.com\/en\/wp-json\/wp\/v2\/types\/page"}],"author":[{"embeddable":true,"href":"https:\/\/sjconsultors.com\/en\/wp-json\/wp\/v2\/users\/1"}],"replies":[{"embeddable":true,"href":"https:\/\/sjconsultors.com\/en\/wp-json\/wp\/v2\/comments?post=7949"}],"version-history":[{"count":19,"href":"https:\/\/sjconsultors.com\/en\/wp-json\/wp\/v2\/pages\/7949\/revisions"}],"predecessor-version":[{"id":8153,"href":"https:\/\/sjconsultors.com\/en\/wp-json\/wp\/v2\/pages\/7949\/revisions\/8153"}],"wp:attachment":[{"href":"https:\/\/sjconsultors.com\/en\/wp-json\/wp\/v2\/media?parent=7949"}],"curies":[{"name":"wp","href":"https:\/\/api.w.org\/{rel}","templated":true}]}}