{"id":27,"date":"2024-03-05T03:17:56","date_gmt":"2024-03-05T03:17:56","guid":{"rendered":"https:\/\/demo.bravisthemes.com\/americ\/?page_id=27"},"modified":"2025-11-17T20:08:44","modified_gmt":"2025-11-17T20:08:44","slug":"contacto","status":"publish","type":"page","link":"https:\/\/sjconsultors.com\/es\/contacto\/","title":{"rendered":"Contacto"},"content":{"rendered":"\t\t<div data-elementor-type=\"wp-page\" data-elementor-id=\"27\" class=\"elementor elementor-27\">\n\t\t\t\t<div class=\"elementor-element elementor-element-656f80c e-flex e-con-boxed e-con e-parent \" data-id=\"656f80c\" data-element_type=\"container\">\t\t\t<div class=\"e-con-inner\">\r\n\t\t\t\t<div class=\"elementor-element elementor-element-8a2a815 elementor-widget elementor-widget-heading\" data-id=\"8a2a815\" data-element_type=\"widget\" data-widget_type=\"heading.default\">\n\t\t\t\t<div class=\"elementor-widget-container\">\n\t\t\t\t\t<h2 class=\"elementor-heading-title elementor-size-default\">D\u00e9janos un mensaje<\/h2>\t\t\t\t<\/div>\n\t\t\t\t<\/div>\n\t\t\t\t<div class=\"elementor-element elementor-element-10e5cb9 elementor-widget elementor-widget-pxl_contact_form\" data-id=\"10e5cb9\" data-element_type=\"widget\" data-widget_type=\"pxl_contact_form.default\">\n\t\t\t\t<div class=\"elementor-widget-container\">\n\t\t\t\t\t    <div class=\"pxl-contact-form pxl-contact-form1 notice-style1 box-style-none btn-w-auto \" data-wow-delay=\"ms\">\r\n                \n<div class=\"wpcf7 no-js\" id=\"wpcf7-f8320-o1\" lang=\"en-US\" dir=\"ltr\" data-wpcf7-id=\"8320\">\n<div class=\"screen-reader-response\"><p role=\"status\" aria-live=\"polite\" aria-atomic=\"true\"><\/p> <ul><\/ul><\/div>\n<form action=\"\/es\/wp-json\/wp\/v2\/pages\/27#wpcf7-f8320-o1\" method=\"post\" class=\"wpcf7-form init\" aria-label=\"Contact form\" novalidate=\"novalidate\" data-status=\"init\">\n<fieldset class=\"hidden-fields-container\"><input type=\"hidden\" name=\"_wpcf7\" value=\"8320\" \/><input type=\"hidden\" name=\"_wpcf7_version\" value=\"6.1.1\" \/><input type=\"hidden\" name=\"_wpcf7_locale\" value=\"en_US\" \/><input type=\"hidden\" name=\"_wpcf7_unit_tag\" value=\"wpcf7-f8320-o1\" \/><input type=\"hidden\" name=\"_wpcf7_container_post\" value=\"0\" \/><input type=\"hidden\" name=\"_wpcf7_posted_data_hash\" value=\"\" \/><input type=\"hidden\" name=\"_wpcf7_recaptcha_response\" value=\"\" \/>\n<\/fieldset>\n<div class=\"contact1\">\n\t<div class=\"row\">\n\t\t<div class=\"col-6\">\n\t\t\t<div class=\"form pxl-item-name\">\n\t\t\t\t<p><label for=\"text-484\">Nombre<\/label><br \/>\n<span class=\"wpcf7-form-control-wrap\" data-name=\"text-484\"><input size=\"40\" maxlength=\"400\" class=\"wpcf7-form-control wpcf7-text wpcf7-validates-as-required\" id=\"text-484\" aria-required=\"true\" aria-invalid=\"false\" placeholder=\"Nombre\" value=\"\" type=\"text\" name=\"text-484\" \/><\/span>\n\t\t\t\t<\/p>\n\t\t\t<\/div>\n\t\t<\/div>\n\t\t<div class=\"col-6\">\n\t\t\t<div class=\"form pxl-item-email\">\n\t\t\t\t<p><label for=\"email-761\">Email<\/label><br \/>\n<span class=\"wpcf7-form-control-wrap\" data-name=\"email-761\"><input size=\"40\" maxlength=\"400\" class=\"wpcf7-form-control wpcf7-email wpcf7-validates-as-required wpcf7-text wpcf7-validates-as-email\" id=\"email-761\" aria-required=\"true\" aria-invalid=\"false\" placeholder=\"Email\" value=\"\" type=\"email\" name=\"email-761\" \/><\/span>\n\t\t\t\t<\/p>\n\t\t\t<\/div>\n\t\t<\/div>\n\t<\/div>\n\t<div class=\"row\">\n\t\t<div class=\"col-6\">\n\t\t\t<div class=\"form pxl-item-phone\">\n\t\t\t\t<p><label for=\"tel-913\">Tel\u00e9fono<\/label><br \/>\n<span class=\"wpcf7-form-control-wrap\" data-name=\"tel-913\"><input size=\"40\" maxlength=\"400\" class=\"wpcf7-form-control wpcf7-tel wpcf7-validates-as-required wpcf7-text wpcf7-validates-as-tel\" id=\"tel-913\" aria-required=\"true\" aria-invalid=\"false\" placeholder=\"Tel\u00e9fono\" value=\"\" type=\"tel\" name=\"tel-913\" \/><\/span>\n\t\t\t\t<\/p>\n\t\t\t<\/div>\n\t\t<\/div>\n\t\t<div class=\"col-6\">\n\t\t\t<div class=\"form pxl-item-subject\">\n\t\t\t\t<p><label for=\"your-subject\">Asunto<\/label><br \/>\n<span class=\"wpcf7-form-control-wrap\" data-name=\"your-subject\"><input size=\"40\" maxlength=\"400\" class=\"wpcf7-form-control wpcf7-text wpcf7-validates-as-required\" id=\"your-subject\" aria-required=\"true\" aria-invalid=\"false\" placeholder=\"Asunto\" value=\"\" type=\"text\" name=\"your-subject\" \/><\/span>\n\t\t\t\t<\/p>\n\t\t\t<\/div>\n\t\t<\/div>\n\t<\/div>\n\t<div class=\"form pxl-item-message\">\n\t\t<p><label for=\"textarea-648\">Mensaje<\/label><br \/>\n<span class=\"wpcf7-form-control-wrap\" data-name=\"textarea-648\"><textarea cols=\"40\" rows=\"10\" maxlength=\"2000\" class=\"wpcf7-form-control wpcf7-textarea wpcf7-validates-as-required\" id=\"textarea-648\" aria-required=\"true\" aria-invalid=\"false\" placeholder=\"Mensaje\" name=\"textarea-648\"><\/textarea><\/span>\n\t\t<\/p>\n\t<\/div>\n<span class=\"wpcf7-form-control-wrap recaptcha\" data-name=\"recaptcha\"><span data-sitekey=\"6Lf1PtErAAAAAGnAKQIeOjmzmQ-tXB80bofZ6AAV\" class=\"wpcf7-form-control wpcf7-recaptcha g-recaptcha\"><\/span>\r\n<noscript>\r\n\t<div class=\"grecaptcha-noscript\">\r\n\t\t<iframe src=\"https:\/\/www.google.com\/recaptcha\/api\/fallback?k=6Lf1PtErAAAAAGnAKQIeOjmzmQ-tXB80bofZ6AAV\" frameborder=\"0\" scrolling=\"no\" width=\"310\" height=\"430\">\r\n\t\t<\/iframe>\r\n\t\t<textarea name=\"g-recaptcha-response\" rows=\"3\" cols=\"40\" placeholder=\"reCaptcha Response Here\">\r\n\t\t<\/textarea>\r\n\t<\/div>\r\n<\/noscript>\r\n<\/span>\n\t<div class=\"contact-submit\">\n\t\t<p><input class=\"wpcf7-form-control wpcf7-submit has-spinner submit\" type=\"submit\" value=\"Enviar Mensaje\" \/>\n\t\t<\/p>\n\t<\/div>\n<\/div><p style=\"display: none !important;\" class=\"akismet-fields-container\" data-prefix=\"_wpcf7_ak_\"><label>&#916;<textarea name=\"_wpcf7_ak_hp_textarea\" cols=\"45\" rows=\"8\" maxlength=\"100\"><\/textarea><\/label><input type=\"hidden\" id=\"ak_js_1\" name=\"_wpcf7_ak_js\" value=\"247\"\/><script>document.getElementById( \"ak_js_1\" ).setAttribute( \"value\", ( new Date() ).getTime() );<\/script><\/p><div class=\"wpcf7-response-output\" aria-hidden=\"true\"><\/div>\n<\/form>\n<\/div>\n    <\/div>\r\n\t\t\t\t<\/div>\n\t\t\t\t<\/div>\n\t\t\t\t\t<\/div>\r\n\t\t\t\t<\/div>\r\n\t\t        <section class=\"elementor-section elementor-top-section elementor-element elementor-element-650d0c0 elementor-section-stretched elementor-section-boxed elementor-section-height-default elementor-section-height-default pxl-row-scroll-none pxl-bg-color-none pxl-section-overlay-none\" data-id=\"650d0c0\" data-element_type=\"section\" data-settings=\"{&quot;stretch_section&quot;:&quot;section-stretched&quot;}\">\n\n                \n                <div class=\"elementor-container elementor-column-gap-extended \">\n                <div class=\"elementor-column elementor-col-100 elementor-top-column elementor-element elementor-element-01743d2 pxl-column-none pxl-column-overflow-hidden-no\" data-id=\"01743d2\" data-element_type=\"column\">\r\n        <div class=\"elementor-widget-wrap elementor-element-populated\">\r\n                     \r\n        \t\t<div class=\"elementor-element elementor-element-2465e2e elementor-hidden-desktop elementor-hidden-laptop elementor-hidden-tablet_extra elementor-hidden-tablet elementor-hidden-mobile_extra elementor-hidden-mobile elementor-widget elementor-widget-heading\" data-id=\"2465e2e\" data-element_type=\"widget\" data-widget_type=\"heading.default\">\n\t\t\t\t<div class=\"elementor-widget-container\">\n\t\t\t\t\t<h2 class=\"elementor-heading-title elementor-size-default\">Email sjconsultors@sjconsultors.net<\/h2>\t\t\t\t<\/div>\n\t\t\t\t<\/div>\n\t\t\t\t<div class=\"elementor-element elementor-element-4e99d5e elementor-widget elementor-widget-pxl_meta_carousel\" data-id=\"4e99d5e\" data-element_type=\"widget\" data-widget_type=\"pxl_meta_carousel.default\">\n\t\t\t\t<div class=\"elementor-widget-container\">\n\t\t\t\t\t    <div class=\"pxl-swiper-sliders pxl-meta-carousel pxl-meta-carousel1 pxl-meta-layout1 pxl-meta-style1\" data-cursor-drap=\"DRAG\">\n        <div class=\"pxl-carousel-inner\">\n            <div class=\"pxl-swiper-container\" dir=\"ltr\" data-settings=\"{&quot;slide_direction&quot;:&quot;horizontal&quot;,&quot;slide_percolumn&quot;:&quot;1&quot;,&quot;slide_mode&quot;:&quot;slide&quot;,&quot;slides_to_show&quot;:&quot;3&quot;,&quot;slides_to_show_xxl&quot;:&quot;3&quot;,&quot;slides_to_show_lg&quot;:&quot;3&quot;,&quot;slides_to_show_md&quot;:&quot;2&quot;,&quot;slides_to_show_sm&quot;:&quot;2&quot;,&quot;slides_to_show_xs&quot;:&quot;1&quot;,&quot;slides_to_scroll&quot;:&quot;1&quot;,&quot;arrow&quot;:&quot;false&quot;,&quot;pagination&quot;:&quot;false&quot;,&quot;pagination_type&quot;:&quot;bullets&quot;,&quot;autoplay&quot;:&quot;&quot;,&quot;pause_on_hover&quot;:&quot;&quot;,&quot;pause_on_interaction&quot;:&quot;true&quot;,&quot;delay&quot;:5000,&quot;loop&quot;:&quot;true&quot;,&quot;speed&quot;:500}\">\n                <div class=\"pxl-swiper-wrapper\">\n                                            <div class=\"pxl-swiper-slide\">\n                            <div class=\"pxl-item--inner \" data-wow-delay=\"ms\">\n                                                                    <div class=\"pxl-item--image\">\n                                        <img decoding=\"async\" class=\"no-lazyload \" src=\"https:\/\/sjconsultors.com\/wp-content\/uploads\/2025\/05\/carta-70x70.png\" width=\"70\" height=\"70\" alt=\"carta\" title=\"carta\" \/>                                    <\/div>\n                                                                <div class=\"pxl-item-content\">\n                                    <h3 class=\"pxl-item--title\">    \n                                        Email                                    <\/h3>\n                                    <div class=\"pxl-item--position\">\n                                        <a href=\"mailto:sjconsultors@sjconsultors.net\">\n                                            sjconsultors@sjconsultors.net                                        <\/a>\n                                    <\/div>\n                                <\/div>\n                            <\/div>\n                        <\/div>\n                                            <div class=\"pxl-swiper-slide\">\n                            <div class=\"pxl-item--inner \" data-wow-delay=\"ms\">\n                                                                    <div class=\"pxl-item--image\">\n                                        <img decoding=\"async\" class=\"no-lazyload \" src=\"https:\/\/sjconsultors.com\/wp-content\/uploads\/2025\/05\/ubicacion-70x70.png\" width=\"70\" height=\"70\" alt=\"ubicacion\" title=\"ubicacion\" \/>                                    <\/div>\n                                                                <div class=\"pxl-item-content\">\n                                    <h3 class=\"pxl-item--title\">    \n                                        Ubicaci\u00f3n                                     <\/h3>\n                                    <div class=\"pxl-item--position\">\n                                        <a >\n                                            c\/ Sant Joan 45 Bis, 1\u00ba; 08202 Sabadell, Barcelona                                        <\/a>\n                                    <\/div>\n                                <\/div>\n                            <\/div>\n                        <\/div>\n                                            <div class=\"pxl-swiper-slide\">\n                            <div class=\"pxl-item--inner \" data-wow-delay=\"ms\">\n                                                                    <div class=\"pxl-item--image\">\n                                        <img decoding=\"async\" class=\"no-lazyload \" src=\"https:\/\/sjconsultors.com\/wp-content\/uploads\/2025\/05\/llamada-70x70.png\" width=\"70\" height=\"70\" alt=\"llamada\" title=\"llamada\" \/>                                    <\/div>\n                                                                <div class=\"pxl-item-content\">\n                                    <h3 class=\"pxl-item--title\">    \n                                        Tel\u00e9fono                                     <\/h3>\n                                    <div class=\"pxl-item--position\">\n                                        <a href=\"tel:34937277099\">\n                                            +34 937 277 099                                        <\/a>\n                                    <\/div>\n                                <\/div>\n                            <\/div>\n                        <\/div>\n                                    <\/div>\n            <\/div>\n            \n            \n                        \n        <\/div>\n    <\/div>\n\t\t\t\t<\/div>\n\t\t\t\t<\/div>\n\t\t            <\/div>\r\n        <\/div>\r\n        \t\t\t<\/div>\n\t\t<\/section>\n\t\t        <section class=\"elementor-section elementor-top-section elementor-element elementor-element-e38a066 elementor-section-full_width elementor-section-stretched elementor-section-height-default elementor-section-height-default pxl-row-scroll-none pxl-full-content-with-space-none pxl-bg-color-none pxl-section-overlay-none\" data-id=\"e38a066\" data-element_type=\"section\" data-settings=\"{&quot;stretch_section&quot;:&quot;section-stretched&quot;}\">\n\n                \n                <div class=\"elementor-container elementor-column-gap-no \">\n                <div class=\"elementor-column elementor-col-100 elementor-top-column elementor-element elementor-element-0fec7ed pxl-column-none pxl-column-overflow-hidden-no\" data-id=\"0fec7ed\" data-element_type=\"column\">\r\n        <div class=\"elementor-widget-wrap elementor-element-populated\">\r\n                     \r\n        \t\t<div class=\"elementor-element elementor-element-284960a elementor-widget elementor-widget-google_maps\" data-id=\"284960a\" data-element_type=\"widget\" data-widget_type=\"google_maps.default\">\n\t\t\t\t<div class=\"elementor-widget-container\">\n\t\t\t\t\t\t\t<div class=\"elementor-custom-embed\">\n\t\t\t<iframe loading=\"lazy\"\n\t\t\t\t\tsrc=\"https:\/\/maps.google.com\/maps?q=SJ%20CONSULTORS%20c%2F%20Sant%20Joan%2045%20Bis%2C%201%C2%BA%3B%2008202%20Sabadell%2C%20Barcelona&#038;t=m&#038;z=15&#038;output=embed&#038;iwloc=near\"\n\t\t\t\t\ttitle=\"SJ CONSULTORS c\/ Sant Joan 45 Bis, 1\u00ba; 08202 Sabadell, Barcelona\"\n\t\t\t\t\taria-label=\"SJ CONSULTORS c\/ Sant Joan 45 Bis, 1\u00ba; 08202 Sabadell, Barcelona\"\n\t\t\t><\/iframe>\n\t\t<\/div>\n\t\t\t\t\t\t<\/div>\n\t\t\t\t<\/div>\n\t\t            <\/div>\r\n        <\/div>\r\n        \t\t\t<\/div>\n\t\t<\/section>\n\t\t\t\t<\/div>\n\t\t","protected":false},"excerpt":{"rendered":"<p>D\u00e9janos un mensaje Nombre Email Tel\u00e9fono Asunto Mensaje &#916; Email sjconsultors@sjconsultors.net Email sjconsultors@sjconsultors.net Ubicaci\u00f3n c\/ Sant Joan 45 Bis, 1\u00ba; 08202 Sabadell, Barcelona Tel\u00e9fono +34 937 277 099<\/p>\n","protected":false},"author":1,"featured_media":0,"parent":0,"menu_order":0,"comment_status":"closed","ping_status":"closed","template":"","meta":{"footnotes":""},"class_list":["post-27","page","type-page","status-publish","hentry"],"yoast_head":"<!-- This site is optimized with the Yoast SEO plugin v25.3 - https:\/\/yoast.com\/wordpress\/plugins\/seo\/ -->\n<title>Contacto - SJ Consultors<\/title>\n<meta name=\"description\" content=\"Ubicaci\u00f3n c\/ Sant Joan 45 Bis, 1\u00ba; 08202 Sabadell, Barcelona\" \/>\n<meta name=\"robots\" content=\"index, follow, max-snippet:-1, max-image-preview:large, max-video-preview:-1\" \/>\n<link rel=\"canonical\" href=\"https:\/\/sjconsultors.com\/es\/contacto\/\" \/>\n<meta property=\"og:locale\" content=\"es_ES\" \/>\n<meta property=\"og:type\" content=\"article\" \/>\n<meta property=\"og:title\" content=\"Contacto - SJ Consultors\" \/>\n<meta property=\"og:description\" content=\"Ubicaci\u00f3n c\/ Sant Joan 45 Bis, 1\u00ba; 08202 Sabadell, Barcelona\" \/>\n<meta property=\"og:url\" content=\"https:\/\/sjconsultors.com\/es\/contacto\/\" \/>\n<meta property=\"og:site_name\" content=\"SJ Consultors\" \/>\n<meta property=\"article:modified_time\" content=\"2025-11-17T20:08:44+00:00\" \/>\n<meta property=\"og:image\" content=\"http:\/\/sjconsultors.com\/wp-content\/uploads\/2025\/05\/carta-70x70.png\" \/>\n<meta name=\"twitter:card\" content=\"summary_large_image\" \/>\n<meta name=\"twitter:label1\" content=\"Tiempo de lectura\" \/>\n\t<meta name=\"twitter:data1\" content=\"2 minutos\" \/>\n<script type=\"application\/ld+json\" class=\"yoast-schema-graph\">{\"@context\":\"https:\/\/schema.org\",\"@graph\":[{\"@type\":\"WebPage\",\"@id\":\"https:\/\/sjconsultors.com\/es\/contacto\/\",\"url\":\"https:\/\/sjconsultors.com\/es\/contacto\/\",\"name\":\"Contacto - SJ Consultors\",\"isPartOf\":{\"@id\":\"http:\/\/sjconsultors.com\/#website\"},\"primaryImageOfPage\":{\"@id\":\"https:\/\/sjconsultors.com\/es\/contacto\/#primaryimage\"},\"image\":{\"@id\":\"https:\/\/sjconsultors.com\/es\/contacto\/#primaryimage\"},\"thumbnailUrl\":\"http:\/\/sjconsultors.com\/wp-content\/uploads\/2025\/05\/carta-70x70.png\",\"datePublished\":\"2024-03-05T03:17:56+00:00\",\"dateModified\":\"2025-11-17T20:08:44+00:00\",\"description\":\"Ubicaci\u00f3n c\/ Sant Joan 45 Bis, 1\u00ba; 08202 Sabadell, Barcelona\",\"breadcrumb\":{\"@id\":\"https:\/\/sjconsultors.com\/es\/contacto\/#breadcrumb\"},\"inLanguage\":\"es\",\"potentialAction\":[{\"@type\":\"ReadAction\",\"target\":[\"https:\/\/sjconsultors.com\/es\/contacto\/\"]}]},{\"@type\":\"ImageObject\",\"inLanguage\":\"es\",\"@id\":\"https:\/\/sjconsultors.com\/es\/contacto\/#primaryimage\",\"url\":\"http:\/\/sjconsultors.com\/wp-content\/uploads\/2025\/05\/carta-70x70.png\",\"contentUrl\":\"http:\/\/sjconsultors.com\/wp-content\/uploads\/2025\/05\/carta-70x70.png\"},{\"@type\":\"BreadcrumbList\",\"@id\":\"https:\/\/sjconsultors.com\/es\/contacto\/#breadcrumb\",\"itemListElement\":[{\"@type\":\"ListItem\",\"position\":1,\"name\":\"Portada\",\"item\":\"https:\/\/sjconsultors.com\/es\/\"},{\"@type\":\"ListItem\",\"position\":2,\"name\":\"Contacto\"}]},{\"@type\":\"WebSite\",\"@id\":\"http:\/\/sjconsultors.com\/#website\",\"url\":\"http:\/\/sjconsultors.com\/\",\"name\":\"SJ Consultors\",\"description\":\"\",\"publisher\":{\"@id\":\"http:\/\/sjconsultors.com\/#organization\"},\"potentialAction\":[{\"@type\":\"SearchAction\",\"target\":{\"@type\":\"EntryPoint\",\"urlTemplate\":\"http:\/\/sjconsultors.com\/?s={search_term_string}\"},\"query-input\":{\"@type\":\"PropertyValueSpecification\",\"valueRequired\":true,\"valueName\":\"search_term_string\"}}],\"inLanguage\":\"es\"},{\"@type\":\"Organization\",\"@id\":\"http:\/\/sjconsultors.com\/#organization\",\"name\":\"SJ Consultors\",\"url\":\"http:\/\/sjconsultors.com\/\",\"logo\":{\"@type\":\"ImageObject\",\"inLanguage\":\"es\",\"@id\":\"http:\/\/sjconsultors.com\/#\/schema\/logo\/image\/\",\"url\":\"https:\/\/sjconsultors.com\/wp-content\/uploads\/2024\/03\/LOGOBLUOSCURO.png\",\"contentUrl\":\"https:\/\/sjconsultors.com\/wp-content\/uploads\/2024\/03\/LOGOBLUOSCURO.png\",\"width\":150,\"height\":71,\"caption\":\"SJ Consultors\"},\"image\":{\"@id\":\"http:\/\/sjconsultors.com\/#\/schema\/logo\/image\/\"}}]}<\/script>\n<!-- \/ Yoast SEO plugin. -->","yoast_head_json":{"title":"Contacto - SJ Consultors","description":"Ubicaci\u00f3n c\/ Sant Joan 45 Bis, 1\u00ba; 08202 Sabadell, Barcelona","robots":{"index":"index","follow":"follow","max-snippet":"max-snippet:-1","max-image-preview":"max-image-preview:large","max-video-preview":"max-video-preview:-1"},"canonical":"https:\/\/sjconsultors.com\/es\/contacto\/","og_locale":"es_ES","og_type":"article","og_title":"Contacto - SJ Consultors","og_description":"Ubicaci\u00f3n c\/ Sant Joan 45 Bis, 1\u00ba; 08202 Sabadell, Barcelona","og_url":"https:\/\/sjconsultors.com\/es\/contacto\/","og_site_name":"SJ Consultors","article_modified_time":"2025-11-17T20:08:44+00:00","og_image":[{"url":"http:\/\/sjconsultors.com\/wp-content\/uploads\/2025\/05\/carta-70x70.png","type":"","width":"","height":""}],"twitter_card":"summary_large_image","twitter_misc":{"Tiempo de lectura":"2 minutos"},"schema":{"@context":"https:\/\/schema.org","@graph":[{"@type":"WebPage","@id":"https:\/\/sjconsultors.com\/es\/contacto\/","url":"https:\/\/sjconsultors.com\/es\/contacto\/","name":"Contacto - SJ Consultors","isPartOf":{"@id":"http:\/\/sjconsultors.com\/#website"},"primaryImageOfPage":{"@id":"https:\/\/sjconsultors.com\/es\/contacto\/#primaryimage"},"image":{"@id":"https:\/\/sjconsultors.com\/es\/contacto\/#primaryimage"},"thumbnailUrl":"http:\/\/sjconsultors.com\/wp-content\/uploads\/2025\/05\/carta-70x70.png","datePublished":"2024-03-05T03:17:56+00:00","dateModified":"2025-11-17T20:08:44+00:00","description":"Ubicaci\u00f3n c\/ Sant Joan 45 Bis, 1\u00ba; 08202 Sabadell, Barcelona","breadcrumb":{"@id":"https:\/\/sjconsultors.com\/es\/contacto\/#breadcrumb"},"inLanguage":"es","potentialAction":[{"@type":"ReadAction","target":["https:\/\/sjconsultors.com\/es\/contacto\/"]}]},{"@type":"ImageObject","inLanguage":"es","@id":"https:\/\/sjconsultors.com\/es\/contacto\/#primaryimage","url":"http:\/\/sjconsultors.com\/wp-content\/uploads\/2025\/05\/carta-70x70.png","contentUrl":"http:\/\/sjconsultors.com\/wp-content\/uploads\/2025\/05\/carta-70x70.png"},{"@type":"BreadcrumbList","@id":"https:\/\/sjconsultors.com\/es\/contacto\/#breadcrumb","itemListElement":[{"@type":"ListItem","position":1,"name":"Portada","item":"https:\/\/sjconsultors.com\/es\/"},{"@type":"ListItem","position":2,"name":"Contacto"}]},{"@type":"WebSite","@id":"http:\/\/sjconsultors.com\/#website","url":"http:\/\/sjconsultors.com\/","name":"SJ Consultors","description":"","publisher":{"@id":"http:\/\/sjconsultors.com\/#organization"},"potentialAction":[{"@type":"SearchAction","target":{"@type":"EntryPoint","urlTemplate":"http:\/\/sjconsultors.com\/?s={search_term_string}"},"query-input":{"@type":"PropertyValueSpecification","valueRequired":true,"valueName":"search_term_string"}}],"inLanguage":"es"},{"@type":"Organization","@id":"http:\/\/sjconsultors.com\/#organization","name":"SJ Consultors","url":"http:\/\/sjconsultors.com\/","logo":{"@type":"ImageObject","inLanguage":"es","@id":"http:\/\/sjconsultors.com\/#\/schema\/logo\/image\/","url":"https:\/\/sjconsultors.com\/wp-content\/uploads\/2024\/03\/LOGOBLUOSCURO.png","contentUrl":"https:\/\/sjconsultors.com\/wp-content\/uploads\/2024\/03\/LOGOBLUOSCURO.png","width":150,"height":71,"caption":"SJ Consultors"},"image":{"@id":"http:\/\/sjconsultors.com\/#\/schema\/logo\/image\/"}}]}},"_links":{"self":[{"href":"https:\/\/sjconsultors.com\/es\/wp-json\/wp\/v2\/pages\/27","targetHints":{"allow":["GET"]}}],"collection":[{"href":"https:\/\/sjconsultors.com\/es\/wp-json\/wp\/v2\/pages"}],"about":[{"href":"https:\/\/sjconsultors.com\/es\/wp-json\/wp\/v2\/types\/page"}],"author":[{"embeddable":true,"href":"https:\/\/sjconsultors.com\/es\/wp-json\/wp\/v2\/users\/1"}],"replies":[{"embeddable":true,"href":"https:\/\/sjconsultors.com\/es\/wp-json\/wp\/v2\/comments?post=27"}],"version-history":[{"count":34,"href":"https:\/\/sjconsultors.com\/es\/wp-json\/wp\/v2\/pages\/27\/revisions"}],"predecessor-version":[{"id":8388,"href":"https:\/\/sjconsultors.com\/es\/wp-json\/wp\/v2\/pages\/27\/revisions\/8388"}],"wp:attachment":[{"href":"https:\/\/sjconsultors.com\/es\/wp-json\/wp\/v2\/media?parent=27"}],"curies":[{"name":"wp","href":"https:\/\/api.w.org\/{rel}","templated":true}]}}